{"id":31,"date":"2026-03-15T20:08:13","date_gmt":"2026-03-15T19:08:13","guid":{"rendered":"https:\/\/staudenverkauf-wiese.de\/?page_id=31"},"modified":"2026-03-15T20:16:05","modified_gmt":"2026-03-15T19:16:05","slug":"datenschutzerklaerung","status":"publish","type":"page","link":"https:\/\/staudenverkauf-wiese.de\/?page_id=31","title":{"rendered":"Datenschutzerkl\u00e4rung"},"content":{"rendered":"\n<h2 class=\"wp-block-heading\">1. Datenschutz auf einen Blick<\/h2>\n\n\n\n<h3 class=\"wp-block-heading\">Allgemeine Hinweise<\/h3>\n\n\n\n<p id=\"p-rc_19e8a052b94ac5ff-43\">Die folgenden&nbsp;Hinweise geben einen einfachen \u00dcberblick dar\u00fcber, was mit Ihren personenbezogenen Daten passiert, wenn Sie diese Website besuchen. Personenbezogene Daten sind alle Daten, mit denen Sie pers\u00f6nlich identifiziert<sup><\/sup>&nbsp;werden k\u00f6nn<sup><\/sup>en.<\/p>\n\n\n\n<h3 class=\"wp-block-heading\">Datenerfassung auf dieser Website<\/h3>\n\n\n\n<p>Die Datenverarbeitung auf dieser Website erfolgt durch den Websitebetreiber. Dessen Kontaktdaten k\u00f6nnen Sie dem Impressum dieser Website entnehmen. Ihre Daten werden zum einen dadurch erhoben, dass Sie uns diese mitteilen (z. B. per E-Mail). Andere Daten werden automatisch beim Besuch der Website durch unsere IT-Systeme erfasst (z. B. IP-Adresse oder Browser-Typ).<\/p>\n\n\n\n<hr class=\"wp-block-separator has-alpha-channel-opacity\"\/>\n\n\n\n<h2 class=\"wp-block-heading\">2. Hosting<\/h2>\n\n\n\n<h3 class=\"wp-block-heading\">Externes Hosting (Dogado)<\/h3>\n\n\n\n<p id=\"p-rc_19e8a052b94ac5ff-44\">Diese Website wird bei einem externen Dienstleister gehostet (Hoster). Die personenbezogenen Daten, die auf dieser Website erfasst werden, werden auf den Servern des Hosters gespeichert. Hierbei handelt es sich v. a.&nbsp;um IP-Adressen, Kontaktanfragen, Meta- und Kommunikationsdaten, Webseitenzugriffe und sonstige Daten, die \u00fcber eine Website generiert werden.<sup><\/sup><\/p>\n\n\n\n<p id=\"p-rc_19e8a052b94ac5ff-45\">Der Einsatz des Hosters erfolgt zum Zwecke der Vertragserf\u00fcllung gegen\u00fcber unseren potenziellen und bestehend<sup><\/sup>en Kunden (Art. 6 Abs. 1 lit. b DSGVO) und im Interesse einer sicheren, schnellen und effizienten Bereitstellung unseres Online-Angebots durch einen professionellen Anbieter (Art<sup><\/sup>. 6 Abs. 1 lit. f&nbsp;<sup><\/sup>DSGVO).<\/p>\n\n\n\n<p><strong>Hoster:<\/strong>&nbsp;dogado GmbH Antonio-Segni-Stra\u00dfe 11 44263 Dortmund<\/p>\n\n\n\n<p>Wir haben mit dem oben genannten Anbieter einen Vertrag \u00fcber Auftragsverarbeitung (AVV) geschlossen. Dies ist ein datenschutzrechtlich vorgeschriebener Vertrag, der gew\u00e4hrleistet, dass dieser die personenbezogenen Daten unserer Websitebesucher nur nach unseren Weisungen und unter Einhaltung der DSGVO verarbeitet.<\/p>\n\n\n\n<hr class=\"wp-block-separator has-alpha-channel-opacity\"\/>\n\n\n\n<h2 class=\"wp-block-heading\">3. Allgemeine Hinweise und Pflichtinformationen<\/h2>\n\n\n\n<h3 class=\"wp-block-heading\">Datenschutz<\/h3>\n\n\n\n<p id=\"p-rc_19e8a052b94ac5ff-46\">Wir behandeln Ihre personenbezogenen Daten vertraulich&nbsp;und entsprechend der gesetzlichen Datenschutzvorschriften sowie dieser Datenschutzerkl\u00e4rung.<sup><\/sup><\/p>\n\n\n\n<h3 class=\"wp-block-heading\">Widerruf Ihrer Einwilligung zur Datenverarbeitung<sup><\/sup><\/h3>\n\n\n\n<p id=\"p-rc_19e8a052b94ac5ff-47\">Viele Datenverarbeitungsvorg\u00e4nge sind nur mit Ihrer ausdr\u00fcckl<sup><\/sup>ichen Einwilligung m\u00f6glich. Sie k\u00f6nnen eine bereits erteilte Einwilligung jederzeit widerrufen. Dazu reicht eine formlose Mitteilung per E-Mail an&nbsp;<sup><\/sup>uns.<sup><\/sup><\/p>\n\n\n\n<h3 class=\"wp-block-heading\">Recht auf Auskunft, L\u00f6schung und Berichtigung<\/h3>\n\n\n\n<p>Sie haben im Rahmen der geltenden gesetzlichen Bestimmungen jederzeit das Recht auf unentgeltliche Auskunft \u00fcber Ihre gespeicherten personenbezogenen Daten, deren Herkunft und Empf\u00e4nger und den Zweck der Datenverarbeitung und ggf. ein Recht auf Berichtigung oder L\u00f6schung dieser Daten.<\/p>\n\n\n\n<hr class=\"wp-block-separator has-alpha-channel-opacity\"\/>\n\n\n\n<h2 class=\"wp-block-heading\">4. Datenerfassung auf dieser Website<\/h2>\n\n\n\n<h3 class=\"wp-block-heading\">Server-Log-Dateien<\/h3>\n\n\n\n<p>Der Provider der Seiten erhebt und speichert automatisch Informationen in sogenannten Server-Log-Dateien, die Ihr Browser automatisch an uns \u00fcbermittelt. Dies sind:<\/p>\n\n\n\n<ul class=\"wp-block-list\">\n<li>Browsertyp und Browserversion<\/li>\n\n\n\n<li>Verwendetes Betriebssystem<\/li>\n\n\n\n<li>Referrer URL (die zuvor besuchte Seite)<\/li>\n\n\n\n<li>Hostname des zugreifenden Rechners<\/li>\n\n\n\n<li>Uhrzeit der Serveranfrage<\/li>\n\n\n\n<li>IP-Adresse<\/li>\n<\/ul>\n\n\n\n<p>Diese Daten werden nicht mit anderen Datenquellen zusammengef\u00fchrt. Grundlage f\u00fcr die Datenverarbeitung ist Art. 6 Abs. 1 lit. f DSGVO (berechtigtes Interesse an der fehlerfreien Darstellung und Optimierung der Website).<\/p>\n\n\n\n<h3 class=\"wp-block-heading\">Kontakt per E-Mail oder Telefon<\/h3>\n\n\n\n<p id=\"p-rc_19e8a052b94ac5ff-48\">Wenn Sie uns per E-Mail oder Telefon&nbsp;kontaktieren, wird Ihre Anfrage inklusive aller daraus hervorgehenden personenbezogenen Daten (Name, Anfrage) zum Zwecke der Bearbeitung Ihres Anliegens bei uns gespeichert und verarbeitet. Diese Daten geben wir&nbsp;<sup><\/sup>nicht ohne Ihre Einwilligung weite<sup><\/sup>r.<\/p>\n\n\n\n<hr class=\"wp-block-separator has-alpha-channel-opacity\"\/>\n\n\n\n<h2 class=\"wp-block-heading\">5. Plugins und Tools<\/h2>\n\n\n\n<h3 class=\"wp-block-heading\">OpenStreetMap (Direkte Einbindung per Iframe)<\/h3>\n\n\n\n<p>Wir nutzen den Kartendienst OpenStreetMap (OSM). Anbieter ist die OpenStreetMap Foundation (OSMF), St John\u2019s Innovation Centre, Cowley Road, Cambridge, CB4 0WS, United Kingdom.<\/p>\n\n\n\n<p>Die Einbindung erfolgt durch die direkte Einbettung eines HTML-Elements (Iframe) von den Servern der OSMF. Zur Nutzung der Funktionen von OpenStreetMap ist es technisch zwingend erforderlich, Ihre IP-Adresse zu verarbeiten. Diese Informationen werden beim Laden der Karte automatisch an einen Server von OpenStreetMap \u00fcbertragen und dort gespeichert. Der Anbieter dieser Seite hat keinen Einfluss auf diese Daten\u00fcbertragung.<\/p>\n\n\n\n<p>Die Nutzung von OpenStreetMap erfolgt im Interesse einer ansprechenden Darstellung unserer Online-Angebote und an einer leichten Auffindbarkeit der von uns auf der Website angegebenen Orte. Dies stellt ein berechtigtes Interesse im Sinne von Art. 6 Abs. 1 lit. f DSGVO dar.<\/p>\n\n\n\n<p>Weitere Informationen zum Umgang mit Nutzerdaten finden Sie in der Datenschutzerkl\u00e4rung von OpenStreetMap unter:&nbsp;<a target=\"_blank\" rel=\"noreferrer noopener\" href=\"https:\/\/wiki.osmfoundation.org\/wiki\/Privacy_Policy\">https:\/\/wiki.osmfoundation.org\/wiki\/Privacy_Policy<\/a>.<\/p>\n","protected":false},"excerpt":{"rendered":"<p>1. Datenschutz auf einen Blick Allgemeine Hinweise Die folgenden&nbsp;Hinweise geben einen einfachen \u00dcberblick dar\u00fcber, was mit Ihren personenbezogenen Daten passiert, wenn Sie diese Website besuchen. Personenbezogene Daten sind alle Daten, [&hellip;]<\/p>\n","protected":false},"author":1,"featured_media":0,"parent":0,"menu_order":0,"comment_status":"closed","ping_status":"closed","template":"","meta":{"footnotes":""},"class_list":["post-31","page","type-page","status-publish","hentry"],"_links":{"self":[{"href":"https:\/\/staudenverkauf-wiese.de\/index.php?rest_route=\/wp\/v2\/pages\/31","targetHints":{"allow":["GET"]}}],"collection":[{"href":"https:\/\/staudenverkauf-wiese.de\/index.php?rest_route=\/wp\/v2\/pages"}],"about":[{"href":"https:\/\/staudenverkauf-wiese.de\/index.php?rest_route=\/wp\/v2\/types\/page"}],"author":[{"embeddable":true,"href":"https:\/\/staudenverkauf-wiese.de\/index.php?rest_route=\/wp\/v2\/users\/1"}],"replies":[{"embeddable":true,"href":"https:\/\/staudenverkauf-wiese.de\/index.php?rest_route=%2Fwp%2Fv2%2Fcomments&post=31"}],"version-history":[{"count":2,"href":"https:\/\/staudenverkauf-wiese.de\/index.php?rest_route=\/wp\/v2\/pages\/31\/revisions"}],"predecessor-version":[{"id":36,"href":"https:\/\/staudenverkauf-wiese.de\/index.php?rest_route=\/wp\/v2\/pages\/31\/revisions\/36"}],"wp:attachment":[{"href":"https:\/\/staudenverkauf-wiese.de\/index.php?rest_route=%2Fwp%2Fv2%2Fmedia&parent=31"}],"curies":[{"name":"wp","href":"https:\/\/api.w.org\/{rel}","templated":true}]}}